{"id":54,"date":"2019-05-08T11:04:40","date_gmt":"2019-05-08T11:04:40","guid":{"rendered":"https:\/\/oldrekarestaurant.rovigosolutions.co.uk\/?page_id=54"},"modified":"2019-05-08T13:04:34","modified_gmt":"2019-05-08T13:04:34","slug":"vererat","status":"publish","type":"page","link":"https:\/\/oldrekarestaurant.rovigosolutions.co.uk\/index.php\/vererat\/","title":{"rendered":"Ver\u00ebrat"},"content":{"rendered":"<div class=\"wpb-content-wrapper\"><p>[vc_row][vc_column width=&#8221;1\/4&#8243;]<div id=\"modal-trg-txt-wrap-6590\" class=\"ult-modal-input-wrapper ult-adjust-bottom-margin    \" data-keypress-control=\"keypress-control-enable\" data-overlay-control=\"overlay-control-enable\"><button  data-ultimate-target='#modal-trg-txt-wrap-6590 .btn-modal'  data-responsive-json-new='{\"font-size\":\"\",\"line-height\":\"\"}'  style=\"background:#dd3333;border-color:#dd3333;color:#ffffff; \" data-class-id=\"content-69d99ba4d23b84-63686507\" class=\"btn-modal ult-responsive btn-primary btn-modal-lg overlay-show ult-align-center btn-id-69d99ba4d23b84-63686507\" data-overlay-class=\"overlay-cornerbottomleft\">VER\u00cb E SHT\u00cbPIS\u00cb<\/button><\/div>\n<div class=\"ult-overlay content-69d99ba4d23b84-63686507 \" data-class=\"content-69d99ba4d23b84-63686507\" id=\"button-click-overlay\" style=\"background:rgba(51,51,51,0.8); display:none;\">\n\t<div class=\"ult_modal ult-fade ult-container\">\n\t\t<div id=\"ult-modal-wrap-2335\" class=\"ult_modal-content ult-hide\" style=\"border-style:solid;border-width:2px;border-radius:0px;border-color:#333333;\">\n\t\t\t<div class=\"ult_modal-header\" style=\"color:#333333;font-weight:bold;border-color:#333333;\">\n\t\t\t\t<h3  data-ultimate-target='#ult-modal-wrap-2335 .ult_modal-title'  data-responsive-json-new='{\"font-size\":\"desktop:30px;\",\"line-height\":\"\"}'  class=\"ult_modal-title ult-responsive\">VER\u00cb E SHT\u00cbPIS\u00cb<\/h3>\n\t\t\t<\/div>\n\t\t\t<div  data-ultimate-target='#ult-modal-wrap-2335 .ult_modal-body'  data-responsive-json-new='{\"font-size\":\"\",\"line-height\":\"\"}'  class=\"ult_modal-body ult-responsive ult-html\" style=\"\">\n\t\t\t<\/p>\n<ul>\n<li>Ver\u00eb e hapur 1 lit\u00ebr ( e bardh\u00eb ; e kuqe)<\/li>\n<li>Ver\u00eb e kuqe REKA (shishe )<\/li>\n<li>Ver\u00eb REKA Reserve (shishe)<\/li>\n<\/ul>\n<p>\n\t\t\t<\/div>\n\t<\/div>\n\t<\/div>\n\t<div class=\"ult-overlay-close top-right\" style=\"width:80px;height:80px; \"><div class=\"ult-overlay-close-inside\">Close<\/div><\/div>\n<\/div>[vc_single_image image=&#8221;56&#8243; img_size=&#8221;full&#8221; alignment=&#8221;center&#8221; image_hovers=&#8221;false&#8221;][\/vc_column][vc_column width=&#8221;1\/4&#8243;]<div id=\"modal-trg-txt-wrap-5826\" class=\"ult-modal-input-wrapper ult-adjust-bottom-margin    \" data-keypress-control=\"keypress-control-enable\" data-overlay-control=\"overlay-control-enable\"><button  data-ultimate-target='#modal-trg-txt-wrap-5826 .btn-modal'  data-responsive-json-new='{\"font-size\":\"\",\"line-height\":\"\"}'  style=\"background:#dd3333;border-color:#dd3333;color:#ffffff; \" data-class-id=\"content-69d99ba4d23ee6-32396347\" class=\"btn-modal ult-responsive btn-primary btn-modal-lg overlay-show ult-align-center btn-id-69d99ba4d23ee6-32396347\" data-overlay-class=\"overlay-cornerbottomleft\">VER\u00cb E BARDH\u00cb<\/button><\/div>\n<div class=\"ult-overlay content-69d99ba4d23ee6-32396347 \" data-class=\"content-69d99ba4d23ee6-32396347\" id=\"button-click-overlay\" style=\"background:rgba(51,51,51,0.8); display:none;\">\n\t<div class=\"ult_modal ult-fade ult-container\">\n\t\t<div id=\"ult-modal-wrap-2016\" class=\"ult_modal-content ult-hide\" style=\"border-style:solid;border-width:2px;border-radius:0px;border-color:#333333;\">\n\t\t\t<div class=\"ult_modal-header\" style=\"color:#333333;font-weight:bold;border-color:#333333;\">\n\t\t\t\t<h3  data-ultimate-target='#ult-modal-wrap-2016 .ult_modal-title'  data-responsive-json-new='{\"font-size\":\"desktop:30px;\",\"line-height\":\"\"}'  class=\"ult_modal-title ult-responsive\">VER\u00cb E BARDH\u00cb<\/h3>\n\t\t\t<\/div>\n\t\t\t<div  data-ultimate-target='#ult-modal-wrap-2016 .ult_modal-body'  data-responsive-json-new='{\"font-size\":\"\",\"line-height\":\"\"}'  class=\"ult_modal-body ult-responsive ult-html\" style=\"\">\n\t\t\t<\/p>\n<ul>\n<li>Shesh i Bardh\u00eb, Shqiptare<\/li>\n<li>Chardone 2011, Kosov\u00eb<\/li>\n<li>Chardone Cormons 2009,\u00a013% alkool<\/li>\n<li>Chardone 2015,\u00a013% alkool<\/li>\n<li>Greco di Tufo 2015, 13% alkool<\/li>\n<li>Pinot Grigo.B 2015, 13 % alkool<\/li>\n<\/ul>\n<p>\n\t\t\t<\/div>\n\t<\/div>\n\t<\/div>\n\t<div class=\"ult-overlay-close top-right\" style=\"width:80px;height:80px; \"><div class=\"ult-overlay-close-inside\">Close<\/div><\/div>\n<\/div>[vc_single_image image=&#8221;57&#8243; img_size=&#8221;full&#8221; alignment=&#8221;center&#8221; image_hovers=&#8221;false&#8221;][\/vc_column][vc_column width=&#8221;1\/4&#8243;]<div id=\"modal-trg-txt-wrap-7413\" class=\"ult-modal-input-wrapper ult-adjust-bottom-margin    \" data-keypress-control=\"keypress-control-enable\" data-overlay-control=\"overlay-control-enable\"><button  data-ultimate-target='#modal-trg-txt-wrap-7413 .btn-modal'  data-responsive-json-new='{\"font-size\":\"\",\"line-height\":\"\"}'  style=\"background:#dd3333;border-color:#dd3333;color:#ffffff; \" data-class-id=\"content-69d99ba4d24161-06218574\" class=\"btn-modal ult-responsive btn-primary btn-modal-lg overlay-show ult-align-center btn-id-69d99ba4d24161-06218574\" data-overlay-class=\"overlay-cornerbottomleft\">VER\u00cb SHQIPTARE<\/button><\/div>\n<div class=\"ult-overlay content-69d99ba4d24161-06218574 \" data-class=\"content-69d99ba4d24161-06218574\" id=\"button-click-overlay\" style=\"background:rgba(51,51,51,0.8); display:none;\">\n\t<div class=\"ult_modal ult-fade ult-container\">\n\t\t<div id=\"ult-modal-wrap-1475\" class=\"ult_modal-content ult-hide\" style=\"border-style:solid;border-width:2px;border-radius:0px;border-color:#333333;\">\n\t\t\t<div class=\"ult_modal-header\" style=\"color:#333333;font-weight:bold;border-color:#333333;\">\n\t\t\t\t<h3  data-ultimate-target='#ult-modal-wrap-1475 .ult_modal-title'  data-responsive-json-new='{\"font-size\":\"desktop:30px;\",\"line-height\":\"\"}'  class=\"ult_modal-title ult-responsive\">VER\u00cb SHQIPTARE<\/h3>\n\t\t\t<\/div>\n\t\t\t<div  data-ultimate-target='#ult-modal-wrap-1475 .ult_modal-body'  data-responsive-json-new='{\"font-size\":\"\",\"line-height\":\"\"}'  class=\"ult_modal-body ult-responsive ult-html\" style=\"\">\n\t\t\t<\/p>\n<ul>\n<li>Cabernet Cuve 2008, e kuqe, 12.5% alkool<\/li>\n<li>Arberi Rezerva 2013, e kuqe,13% alkool<\/li>\n<li>Arberi 2013,e kuqe,\u00a013.5 % alkool<\/li>\n<li>Tokai Korca 1999,e kuqe, 12% alkool<\/li>\n<li>Cab-Sav Leskov 2014,e kuqe,12.5\u00a0% alkool<\/li>\n<li>Primitivo 2004, e kuqe, 14% alkool<\/li>\n<li>Bic Wine 2009, e kuqe,14% alkool<\/li>\n<li>Merlot i Vjeteruar 2012, e kuqe,12.4% alkool<\/li>\n<li>Shen Mhilli 2012, e kuqe,14.5% alkool<\/li>\n<li>Ston Castel 2011, Kosove, e kuqe, 13 % alkool<\/li>\n<li><\/li>\n<\/ul>\n<p>\n\t\t\t<\/div>\n\t<\/div>\n\t<\/div>\n\t<div class=\"ult-overlay-close top-right\" style=\"width:80px;height:80px; \"><div class=\"ult-overlay-close-inside\">Close<\/div><\/div>\n<\/div>[vc_single_image image=&#8221;59&#8243; img_size=&#8221;full&#8221; alignment=&#8221;center&#8221; image_hovers=&#8221;false&#8221;][\/vc_column][vc_column width=&#8221;1\/4&#8243;]<div id=\"modal-trg-txt-wrap-9055\" class=\"ult-modal-input-wrapper ult-adjust-bottom-margin    \" data-keypress-control=\"keypress-control-enable\" data-overlay-control=\"overlay-control-enable\"><button  data-ultimate-target='#modal-trg-txt-wrap-9055 .btn-modal'  data-responsive-json-new='{\"font-size\":\"\",\"line-height\":\"\"}'  style=\"background:#dd3333;border-color:#dd3333;color:#ffffff; \" data-class-id=\"content-69d99ba4d24433-77316859\" class=\"btn-modal ult-responsive btn-primary btn-modal-lg overlay-show ult-align-center btn-id-69d99ba4d24433-77316859\" data-overlay-class=\"overlay-cornerbottomleft\">VER\u00cb ND\u00cbRKOMB\u00cbTARE<\/button><\/div>\n<div class=\"ult-overlay content-69d99ba4d24433-77316859 \" data-class=\"content-69d99ba4d24433-77316859\" id=\"button-click-overlay\" style=\"background:rgba(51,51,51,0.8); display:none;\">\n\t<div class=\"ult_modal ult-fade ult-container\">\n\t\t<div id=\"ult-modal-wrap-9639\" class=\"ult_modal-content ult-hide\" style=\"border-style:solid;border-width:2px;border-radius:0px;border-color:#333333;\">\n\t\t\t<div class=\"ult_modal-header\" style=\"color:#333333;font-weight:bold;border-color:#333333;\">\n\t\t\t\t<h3  data-ultimate-target='#ult-modal-wrap-9639 .ult_modal-title'  data-responsive-json-new='{\"font-size\":\"desktop:30px;\",\"line-height\":\"\"}'  class=\"ult_modal-title ult-responsive\">VER\u00cb ND\u00cbRKOMB\u00cbTARE<\/h3>\n\t\t\t<\/div>\n\t\t\t<div  data-ultimate-target='#ult-modal-wrap-9639 .ult_modal-body'  data-responsive-json-new='{\"font-size\":\"\",\"line-height\":\"\"}'  class=\"ult_modal-body ult-responsive ult-html\" style=\"\">\n\t\t\t<\/p>\n<ul>\n<li>Amaone.Alde 2009, e kuqe, 15% alkool<\/li>\n<li>Amarone 2011,e kuqe,16\u00a0% alkool<\/li>\n<li>Ludi 2010,e kuqe, 14.5\u00a0% alkool<\/li>\n<li>Prunot Barolo 2011,e kuqe, 13.5 % alkool<\/li>\n<li>Hamonjum 2011,e kuqe, 14.5 % alkool<\/li>\n<li>Brunelo di Molt 2010,\u00a0e kuqe, 14.5 % alkool<\/li>\n<li>Edicione 2013,\u00a0e kuqe, 14 % alkool<\/li>\n<li>Primt di Mandu 2014,\u00a0e kuqe, 13.5 % alkool<\/li>\n<li>Camelot 2006,\u00a0e kuqe, 15 % alkool<\/li>\n<li>Chianti Banfi 2014, e kuqe, 12.5 % alkool<\/li>\n<li>Vila Antinor 2013, e kuqe, 13.5 % alkool<\/li>\n<li>Banfi 375ml 2014, e kuqe, 12.5 % alkool<\/li>\n<li>Etamjano 2014, e kuqe, 14 % alkool<\/li>\n<li>Selvaroso 2011,\u00a0e kuqe, 14.5 % alkool<\/li>\n<li>Teroldeco 2012,e kuqe, 13 % alkool<\/li>\n<li>Rosso Picini 2010,\u00a0e kuqe, 14.5\u00a0% alkool<\/li>\n<li>Sant Antimon 2007,\u00a0e kuqe, 14.5 % alkool<\/li>\n<li>Salice 2013,\u00a0e kuqe, 13.5 % alkool<\/li>\n<li>Villa Santera 2014,\u00a0e kuqe, 14.5 % alkool<\/li>\n<li>Saggio 2013,\u00a0e kuqe, 14.5 % alkool<\/li>\n<li>Gotico 2013, e kuqe, 14 % alkool<\/li>\n<li>San Caro 2012,\u00a0e kuqe, 13.5 % alkool<\/li>\n<li>Baccus 2012,\u00a0e kuqe, 13.5 % alkool<\/li>\n<li>Amarone 2006,\u00a0e kuqe, 17.5 % alkool<\/li>\n<li>Chateau Cartea 2008,\u00a0e kuqe, 13.5 % alkool<\/li>\n<li>Domaine Cab-Sa 2008,\u00a0e kuqe, 13.5 % alkool<\/li>\n<li>Cotes Du Russill 2004,\u00a0e kuqe, 13.5 % alkool<\/li>\n<li>Grains d\u2019Tarquin 2004,\u00a0e kuqe, 13.5 % alkool<\/li>\n<li>Papale 2015,\u00a0e kuqe, 14\u00a0% alkool<\/li>\n<li>12R Mezzo 2014,\u00a0e kuqe, 12.5 % alkool<\/li>\n<li>Lu Ceppu 2011,\u00a0e kuqe, 13.5 % alkool<\/li>\n<li>Colle Secco. Rub 2012,\u00a0e kuqe, 13.5 % alkool<\/li>\n<li>Polissena 2009,\u00a0e kuqe, 14 % alkool<\/li>\n<li>Campione 2012,\u00a0e kuqe, 13\u00a0% alkool<\/li>\n<li>Magnificao 2010,\u00a0e kuqe, 14.5 % alkool<\/li>\n<li>Pian Di Nova 2010,\u00a0e kuqe, 13.5 % alkool<\/li>\n<li>Mongrana 2009,\u00a0e kuqe, 13.5 % alkool<\/li>\n<li>Querciabella 2009,\u00a0e kuqe, 13.5 % alkool<\/li>\n<li>Testarosa 2008,\u00a0e kuqe, 14 % alkool<\/li>\n<li>Juan De Juanes 2015,\u00a0e kuqe, 13.5 % alkool<\/li>\n<li>Jua Petit Verdot 2014,\u00a0e kuqe, 13.5 % alkool<\/li>\n<li>Reka Rezerva 2011,\u00a0e kuqe, 14 % alkool<\/li>\n<li>Moltepuli Uno 2012,\u00a0e kuqe, 14 % alkool<\/li>\n<li>Barbera De Alba 2014,\u00a0e kuqe, 13.5 % alkool<\/li>\n<li>Chianti Ripatela 2009,\u00a0e kuqe, 13.5 % alkool<\/li>\n<li>Vila Spinoza 2014,\u00a0e kuqe, 14\u00a0% alkool<\/li>\n<li>Orus Primitiv 2015,\u00a0e kuqe, 13 % alkool<\/li>\n<li>Ca Di Rajo,\u00a0e kuqe, 12.5 % alkool<\/li>\n<li>Vila Sesta 2007,\u00a0e kuqe, 14.5 % alkool<\/li>\n<li>Laghiglione 2001,\u00a0e kuqe, 13 % alkool<\/li>\n<li>Nerjobleo 2007,\u00a0e kuqe, 14 % alkool<\/li>\n<li>Illiria Salento 2013,\u00a0e kuqe, 14 % alkool<\/li>\n<li>Patos 2011,\u00a0e kuqe, 14.5 % alkool<\/li>\n<li>SanGiullano 2007,e kuqe, 14 % alkool<\/li>\n<li>Il Moschio 2010,\u00a0e kuqe, 14.5 % alkool<\/li>\n<li>Mossone 2012,\u00a0e kuqe, 15 % alkool<\/li>\n<li>Vila Sestra 5li 2008,\u00a0e kuqe, 14 % alkool<\/li>\n<li>Roze<\/li>\n<li>Mossatell<\/li>\n<li>Pro Corde 2012,\u00a0e kuqe, 14 % alkool<\/li>\n<li>Greke 2008,\u00a0e kuqe, 11.5\u00a0% alkool<\/li>\n<li>La Fiole 2011,\u00a0\u00a0e kuqe, 14.5 % alkool<\/li>\n<li>La Fiole De Papa 2010,\u00a0\u00a0e kuqe, 14 % alkool<\/li>\n<li>Adriano 2006,\u00a0e kuqe, 14 % alkool<\/li>\n<li>Mileno Rosso 2007,\u00a0e kuqe, 13.5 % alkool<\/li>\n<li>Alton 2007,\u00a0e kuqe, 13.5 % alkool<\/li>\n<li>Policione 2007,\u00a0e kuqe, 14 % alkool<\/li>\n<li>Tampus 2004,\u00a0e kuqe, 14 % alkool<\/li>\n<li>Heba 2009,\u00a0e kuqe, 13 % alkool<\/li>\n<li>Abrigo 2008,\u00a0e kuqe, 12.5 % alkool<\/li>\n<li>Adriano 1.5 li 2006,\u00a0e kuqe, 13.5 % alkool<\/li>\n<li>Pino Nero 2011,\u00a0e kuqe, 12 % alkool<\/li>\n<li>Opera Prima ,e kuqe, 13 % alkool<\/li>\n<li><\/li>\n<\/ul>\n<p>\n\t\t\t<\/div>\n\t<\/div>\n\t<\/div>\n\t<div class=\"ult-overlay-close top-right\" style=\"width:80px;height:80px; \"><div class=\"ult-overlay-close-inside\">Close<\/div><\/div>\n<\/div>[vc_single_image image=&#8221;58&#8243; img_size=&#8221;full&#8221; alignment=&#8221;center&#8221; image_hovers=&#8221;false&#8221;][\/vc_column][\/vc_row]<\/p>\n<\/div>","protected":false},"excerpt":{"rendered":"<p>[vc_row][vc_column width=&#8221;1\/4&#8243;][vc_single_image image=&#8221;56&#8243; img_size=&#8221;full&#8221; alignment=&#8221;center&#8221; image_hovers=&#8221;false&#8221;][\/vc_column][vc_column width=&#8221;1\/4&#8243;][vc_single_image image=&#8221;57&#8243; img_size=&#8221;full&#8221; alignment=&#8221;center&#8221; image_hovers=&#8221;false&#8221;][\/vc_column][vc_column width=&#8221;1\/4&#8243;][vc_single_image image=&#8221;59&#8243; img_size=&#8221;full&#8221; alignment=&#8221;center&#8221; image_hovers=&#8221;false&#8221;][\/vc_column][vc_column width=&#8221;1\/4&#8243;][vc_single_image image=&#8221;58&#8243; img_size=&#8221;full&#8221; alignment=&#8221;center&#8221; image_hovers=&#8221;false&#8221;][\/vc_column][\/vc_row]<\/p>\n","protected":false},"author":2,"featured_media":0,"parent":0,"menu_order":0,"comment_status":"closed","ping_status":"closed","template":"","meta":{"footnotes":""},"class_list":["post-54","page","type-page","status-publish","hentry","description-off"],"_hostinger_reach_plugin_has_subscription_block":false,"_hostinger_reach_plugin_is_elementor":false,"_links":{"self":[{"href":"https:\/\/oldrekarestaurant.rovigosolutions.co.uk\/index.php\/wp-json\/wp\/v2\/pages\/54","targetHints":{"allow":["GET"]}}],"collection":[{"href":"https:\/\/oldrekarestaurant.rovigosolutions.co.uk\/index.php\/wp-json\/wp\/v2\/pages"}],"about":[{"href":"https:\/\/oldrekarestaurant.rovigosolutions.co.uk\/index.php\/wp-json\/wp\/v2\/types\/page"}],"author":[{"embeddable":true,"href":"https:\/\/oldrekarestaurant.rovigosolutions.co.uk\/index.php\/wp-json\/wp\/v2\/users\/2"}],"replies":[{"embeddable":true,"href":"https:\/\/oldrekarestaurant.rovigosolutions.co.uk\/index.php\/wp-json\/wp\/v2\/comments?post=54"}],"version-history":[{"count":4,"href":"https:\/\/oldrekarestaurant.rovigosolutions.co.uk\/index.php\/wp-json\/wp\/v2\/pages\/54\/revisions"}],"predecessor-version":[{"id":101,"href":"https:\/\/oldrekarestaurant.rovigosolutions.co.uk\/index.php\/wp-json\/wp\/v2\/pages\/54\/revisions\/101"}],"wp:attachment":[{"href":"https:\/\/oldrekarestaurant.rovigosolutions.co.uk\/index.php\/wp-json\/wp\/v2\/media?parent=54"}],"curies":[{"name":"wp","href":"https:\/\/api.w.org\/{rel}","templated":true}]}}