{"id":37,"date":"2019-05-08T10:48:33","date_gmt":"2019-05-08T10:48:33","guid":{"rendered":"https:\/\/oldrekarestaurant.rovigosolutions.co.uk\/?page_id=37"},"modified":"2025-06-24T08:51:59","modified_gmt":"2025-06-24T08:51:59","slug":"rreth-nesh","status":"publish","type":"page","link":"https:\/\/oldrekarestaurant.rovigosolutions.co.uk\/index.php\/rreth-nesh\/","title":{"rendered":"RRETH NESH"},"content":{"rendered":"<div class=\"wpb-content-wrapper\"><p>[vc_row][vc_column width=&#8221;1\/3&#8243;][vc_custom_heading text=&#8221;Restorant Reka 2002&#8243; font_container=&#8221;tag:h2|text_align:center|color:%23daa520&#8243; google_fonts=&#8221;font_family:Satisfy%3Aregular|font_style:400%20regular%3A400%3Anormal&#8221;][vc_single_image image=&#8221;39&#8243; img_size=&#8221;full&#8221; alignment=&#8221;center&#8221; image_hovers=&#8221;false&#8221;][\/vc_column][vc_column width=&#8221;1\/3&#8243;][vc_custom_heading text=&#8221;Restorant Reka 2012&#8243; font_container=&#8221;tag:h2|text_align:center|color:%23daa520&#8243; google_fonts=&#8221;font_family:Satisfy%3Aregular|font_style:400%20regular%3A400%3Anormal&#8221;][vc_single_image image=&#8221;40&#8243; img_size=&#8221;full&#8221; alignment=&#8221;center&#8221; image_hovers=&#8221;false&#8221;][\/vc_column][vc_column width=&#8221;1\/3&#8243;][vc_custom_heading text=&#8221;Restorant Reka 2016&#8243; font_container=&#8221;tag:h2|text_align:center|color:%23daa520&#8243; google_fonts=&#8221;font_family:Satisfy%3Aregular|font_style:400%20regular%3A400%3Anormal&#8221;][vc_single_image image=&#8221;41&#8243; img_size=&#8221;full&#8221; alignment=&#8221;center&#8221; image_hovers=&#8221;false&#8221;][\/vc_column][\/vc_row][vc_row][vc_column width=&#8221;2\/3&#8243;][vc_column_text]<\/p>\n<p style=\"text-align: justify;\">Restorant \u201cREKA\u201d \u00ebsht\u00eb nd\u00ebrtuar n\u00eb vitin 2002 nga Qerim Reka dhe familja e tij, duke u mb\u00ebshtetur n\u00eb tradit\u00ebn gastronomike shqiptare n\u00eb p\u00ebrgjith\u00ebsi, si dhe asaj dibrane n\u00eb ve\u00e7anti, si rrjedhoj\u00eb e rr\u00ebnj\u00ebve familjare t\u00eb t\u00eb zot\u00ebrve t\u00eb k\u00ebtij restoranti. E gjith\u00eb puna n\u00eb k\u00ebt\u00eb restorant \u00ebsht\u00eb e organizuar nga kjo familje. K\u00ebtu mund t\u00eb gjeni gjithashtu recetat e familjes Reka, t\u00eb ruajtura me fanatiz\u00ebm brez pas brezi. Eksperienca e pun\u00ebs s\u00eb Qerim Rek\u00ebs n\u00eb disa nga hotelet m\u00eb prestigjioze t\u00eb vendit si Hotel Tirana International, Drejtoria e Pritjes dhe Sh\u00ebrbimit Qeveritar, etj, kan\u00eb b\u00ebr\u00eb t\u00eb mundur q\u00eb n\u00eb k\u00ebt\u00eb restorant t\u00eb gjeni nj\u00eb sh\u00ebrbim cil\u00ebsor n\u00eb t\u00eb gjitha drejtimet.<\/p>\n<p>[\/vc_column_text][\/vc_column][vc_column width=&#8221;1\/3&#8243;][vc_single_image image=&#8221;13&#8243; img_size=&#8221;full&#8221;][\/vc_column][\/vc_row][vc_row][vc_column][vc_custom_heading text=&#8221;\u00c7ertifikatat tona&#8221; font_container=&#8221;tag:h2|text_align:center|color:%23daa520&#8243; google_fonts=&#8221;font_family:Satisfy%3Aregular|font_style:400%20regular%3A400%3Anormal&#8221;][\/vc_column][\/vc_row][vc_row][vc_column width=&#8221;1\/3&#8243;][vc_single_image image=&#8221;230&#8243; img_size=&#8221;full&#8221; alignment=&#8221;center&#8221; onclick=&#8221;link_image&#8221; css=&#8221;&#8221;][vc_single_image image=&#8221;222&#8243; img_size=&#8221;full&#8221; alignment=&#8221;center&#8221; onclick=&#8221;link_image&#8221;][\/vc_column][vc_column width=&#8221;1\/3&#8243;][vc_single_image image=&#8221;227&#8243; img_size=&#8221;full&#8221; alignment=&#8221;center&#8221; onclick=&#8221;link_image&#8221;][vc_single_image image=&#8221;226&#8243; img_size=&#8221;full&#8221; alignment=&#8221;center&#8221; onclick=&#8221;link_image&#8221;][vc_single_image image=&#8221;224&#8243; img_size=&#8221;full&#8221; alignment=&#8221;center&#8221; onclick=&#8221;link_image&#8221;][\/vc_column][vc_column width=&#8221;1\/3&#8243;][vc_single_image image=&#8221;47&#8243; img_size=&#8221;full&#8221; alignment=&#8221;center&#8221; onclick=&#8221;link_image&#8221;][vc_single_image image=&#8221;43&#8243; img_size=&#8221;full&#8221; alignment=&#8221;center&#8221; onclick=&#8221;link_image&#8221;][\/vc_column][\/vc_row]<\/p>\n<\/div>","protected":false},"excerpt":{"rendered":"<p>[vc_row][vc_column width=&#8221;1\/3&#8243;][vc_custom_heading text=&#8221;Restorant Reka 2002&#8243; font_container=&#8221;tag:h2|text_align:center|color:%23daa520&#8243; google_fonts=&#8221;font_family:Satisfy%3Aregular|font_style:400%20regular%3A400%3Anormal&#8221;][vc_single_image image=&#8221;39&#8243; img_size=&#8221;full&#8221; alignment=&#8221;center&#8221; image_hovers=&#8221;false&#8221;][\/vc_column][vc_column width=&#8221;1\/3&#8243;][vc_custom_heading text=&#8221;Restorant Reka 2012&#8243; font_container=&#8221;tag:h2|text_align:center|color:%23daa520&#8243; google_fonts=&#8221;font_family:Satisfy%3Aregular|font_style:400%20regular%3A400%3Anormal&#8221;][vc_single_image image=&#8221;40&#8243; img_size=&#8221;full&#8221; alignment=&#8221;center&#8221; image_hovers=&#8221;false&#8221;][\/vc_column][vc_column width=&#8221;1\/3&#8243;][vc_custom_heading text=&#8221;Restorant Reka 2016&#8243; font_container=&#8221;tag:h2|text_align:center|color:%23daa520&#8243; google_fonts=&#8221;font_family:Satisfy%3Aregular|font_style:400%20regular%3A400%3Anormal&#8221;][vc_single_image image=&#8221;41&#8243; img_size=&#8221;full&#8221; alignment=&#8221;center&#8221; image_hovers=&#8221;false&#8221;][\/vc_column][\/vc_row][vc_row][vc_column width=&#8221;2\/3&#8243;][vc_column_text] Restorant \u201cREKA\u201d \u00ebsht\u00eb nd\u00ebrtuar n\u00eb vitin 2002 nga Qerim Reka dhe familja e tij, duke u mb\u00ebshtetur n\u00eb tradit\u00ebn gastronomike shqiptare n\u00eb p\u00ebrgjith\u00ebsi,&hellip;<\/p>\n","protected":false},"author":2,"featured_media":0,"parent":0,"menu_order":0,"comment_status":"closed","ping_status":"closed","template":"","meta":{"footnotes":""},"class_list":["post-37","page","type-page","status-publish","hentry","description-off"],"_hostinger_reach_plugin_has_subscription_block":false,"_hostinger_reach_plugin_is_elementor":false,"_links":{"self":[{"href":"https:\/\/oldrekarestaurant.rovigosolutions.co.uk\/index.php\/wp-json\/wp\/v2\/pages\/37","targetHints":{"allow":["GET"]}}],"collection":[{"href":"https:\/\/oldrekarestaurant.rovigosolutions.co.uk\/index.php\/wp-json\/wp\/v2\/pages"}],"about":[{"href":"https:\/\/oldrekarestaurant.rovigosolutions.co.uk\/index.php\/wp-json\/wp\/v2\/types\/page"}],"author":[{"embeddable":true,"href":"https:\/\/oldrekarestaurant.rovigosolutions.co.uk\/index.php\/wp-json\/wp\/v2\/users\/2"}],"replies":[{"embeddable":true,"href":"https:\/\/oldrekarestaurant.rovigosolutions.co.uk\/index.php\/wp-json\/wp\/v2\/comments?post=37"}],"version-history":[{"count":6,"href":"https:\/\/oldrekarestaurant.rovigosolutions.co.uk\/index.php\/wp-json\/wp\/v2\/pages\/37\/revisions"}],"predecessor-version":[{"id":223,"href":"https:\/\/oldrekarestaurant.rovigosolutions.co.uk\/index.php\/wp-json\/wp\/v2\/pages\/37\/revisions\/223"}],"wp:attachment":[{"href":"https:\/\/oldrekarestaurant.rovigosolutions.co.uk\/index.php\/wp-json\/wp\/v2\/media?parent=37"}],"curies":[{"name":"wp","href":"https:\/\/api.w.org\/{rel}","templated":true}]}}